{"id":518,"date":"2021-02-05T10:27:55","date_gmt":"2021-02-05T15:27:55","guid":{"rendered":"https:\/\/ingenieriadesonrisas.com\/?page_id=518"},"modified":"2021-02-05T16:48:04","modified_gmt":"2021-02-05T21:48:04","slug":"terminos-y-condiciones-yosonrioconis","status":"publish","type":"page","link":"https:\/\/ingenieriadesonrisas.com\/en\/terminos-y-condiciones-yosonrioconis\/","title":{"rendered":"T\u00e9rminos y condiciones: #YoSonr\u00edoConIS"},"content":{"rendered":"<div data-elementor-type=\"wp-page\" data-elementor-id=\"518\" class=\"elementor elementor-518\" data-elementor-post-type=\"page\">\n\t\t\t\t\t\t<section class=\"elementor-section elementor-top-section elementor-element elementor-element-7493a79 elementor-section-boxed elementor-section-height-default elementor-section-height-default\" data-id=\"7493a79\" data-element_type=\"section\" data-e-type=\"section\" data-settings=\"{&quot;background_background&quot;:&quot;classic&quot;}\">\n\t\t\t\t\t\t<div class=\"elementor-container elementor-column-gap-default\">\n\t\t\t\t\t<div class=\"elementor-column elementor-col-100 elementor-top-column elementor-element elementor-element-e12d4fe\" data-id=\"e12d4fe\" data-element_type=\"column\" data-e-type=\"column\">\n\t\t\t<div class=\"elementor-widget-wrap elementor-element-populated\">\n\t\t\t\t\t\t<div class=\"elementor-element elementor-element-8536160 elementor-widget elementor-widget-text-editor\" data-id=\"8536160\" data-element_type=\"widget\" data-e-type=\"widget\" data-widget_type=\"text-editor.default\">\n\t\t\t\t<div class=\"elementor-widget-container\">\n\t\t\t\t\t\t\t\t\t<p style=\"text-align: center;\"><span style=\"color: #000000;\"><strong>T\u00c9RMINOS Y CONDICIONES:<\/strong><\/span><\/p><p><strong>CONCURSO \u201cYO SONR\u00cdO CON IS\u201d<\/strong><\/p><p><strong>REVISI\u00d3N: Andr\u00e9s L\u00f3pez Odontolog\u00eda Integral S.A.S.<\/strong><\/p><p><strong>CUMPLIMIENTO DE INCENTIVOS DIGITALES.<\/strong><\/p><p><strong>IDENTIFICACI\u00d3N DE EL ORGANIZADOR<\/strong><\/p><p>El concurso <strong>\u201cYo Sonr\u00edo con IS\u201d<\/strong> Es una iniciativa de Andr\u00e9s L\u00f3pez Odontolog\u00eda Integral S.A.S. \u00a0con NIT 901.152.777-4 y domicilio en la carrera 43 # 5B &#8211; 32, Cali, Valle del Cauca. Tel\u00e9fonos: 322 701 7368 y 314 560 2573.<\/p><p><strong>\u00a0<\/strong><\/p><p><strong>\u00a0<\/strong><\/p><p><strong>\u00a0<\/strong><\/p><p><strong>DIN\u00c1MICA DEL CONCURSO:<\/strong><\/p><p>Entre el 4 de febrero del 2021 hasta el 22 de febrero del 2021, se ha abierto la convocatoria para un concurso digital en redes sociales de la empresa Ingenier\u00eda de Sonrisas<\/p><p>Para participar en el concurso, los interesados deber\u00e1n cumplir los siguientes requerimientos:<\/p><ol><li>Ser mayores de edad y residir en Colombia.<\/li><li>Seguir a la marca patrocinadora en su cuenta de Instagram (@ingenieriadesonrisas).<\/li><li>Darle \u2018Me gusta\u2019 a la publicaci\u00f3n del concurso, comentar por qu\u00e9 le gusta sonre\u00edr y etiquetar a 2 amigos.<\/li><\/ol><p><strong>Nota:<\/strong><\/p><ul><li>El\/la ganadora debe tener disponibilidad para hacer historias contando su experiencia.<\/li><li>El premio no es transferible, acumulable con otras promociones ni canjeable por dinero.<\/li><li>No se permite la participaci\u00f3n de cuentas de famosos, marcas, ni spam o falsas.<\/li><\/ul><p>\u00a0<\/p><p>El d\u00eda mi\u00e9rcoles, 24 de febrero del 2021 se realizar\u00e1 el sorteo del concurso a trav\u00e9s de una transmisi\u00f3n en vivo en la cuenta de Instagram de @ingenieriadesonrisas en el que se dar\u00e1 a conocer al feliz ganador\/a.<\/p><p>Ese mismo d\u00eda se notificar\u00e1 a el\/la concursante ganador\/a el veredicto a trav\u00e9s de un mensaje directo en su cuenta de Instagram por parte de la marca patrocinadora. En dicho mensaje tendr\u00e1n que brindar sus datos personales para validarlos y as\u00ed mismo dar inicio a la log\u00edstica de ejecuci\u00f3n de todo el proceso.<\/p><p>\u00a0<\/p><p><strong>\u00c1MBITO TERRITORIAL:<\/strong><\/p><p>La participaci\u00f3n para este concurso lo podr\u00e1 realizar hombres y mujeres mayores de edad que residan en Cali, Colombia.<\/p><p><strong>\u00a0<\/strong><\/p><p><strong>MARCO TEMPORAL:<\/strong><\/p><p>La participaci\u00f3n del concurso se realizar\u00e1 entre el 4 de febrero del 2021 hasta el 22 de febrero del 2021. Este t\u00e9rmino podr\u00e1 prorrogarse unilateralmente por parte del organizador del concurso, para lo cual podr\u00e1 publicar su decisi\u00f3n de ampliaci\u00f3n mediante una modificaci\u00f3n a estos t\u00e9rminos y condiciones.<\/p><p><strong>\u00a0<\/strong><\/p><p><strong>IDENTIFICACI\u00d3N DEL PRODUCTO Y DEL INCENTIVO QUE SE OFRECE INDICANDO SU CANTIAD Y CALIDAD:<\/strong><\/p><p>En la cuenta de Instagram de @ingenieriadesonrisas se encuentra la informaci\u00f3n sobre dicho concurso que permitir\u00e1 a un (1) de los participantes convertirse en el ganador\/a de nuestro premio <strong>\u201cun blanqueamiento dental.\u201d<\/strong><\/p><p>La fecha, horario e itinerario de los ganadores ser\u00e1 notificado por escrito, una vez sea confirmada la fecha y, asimismo, ultimados los detalles pertinentes por parte de la organizaci\u00f3n.<\/p><p><strong>\u00a0<\/strong><\/p><p><strong>PLAN DE PREMIOS:<\/strong><\/p><p>El\/la ganador\/a recibir\u00e1:<\/p><ol><li>Un blanqueamiento dental<\/li><\/ol><p><strong>\u00a0<\/strong><\/p><p><strong>CANTIDAD DE GANADORES:<\/strong><\/p><p>Uno (1) y deber\u00e1 proveer el tiempo necesario para la ejecuci\u00f3n y entrega del premio.<\/p><p><strong>\u00a0<\/strong><\/p><p><strong>CONDICIONES Y RESTRICCIONES GENERALES:<\/strong><\/p><ol><li>Podr\u00e1n participar todas las personas mayores de edad, de cualquier g\u00e9nero, que residan en Cali, Colombia.<\/li><li>Todos los participantes deber\u00e1n cumplir en su totalidad la mec\u00e1nica del concurso, entendi\u00e9ndose por ello, haber conocido y aceptado los t\u00e9rminos y condiciones consignados en la p\u00e1gina web de la marca patrocinadora (www.ingenieriadesonrisas.com). El no cumplimiento de este punto en los tiempos adecuados, acarrear\u00e1 la descalificaci\u00f3n inmediata del participante.<\/li><li>Ingenier\u00eda de Sonrisas se reserva el derecho de descalificar a cualquier usuario que presunta o efectivamente incurra en los siguientes comportamientos negativos:<br \/><br \/>\u2022 Suministro de informaci\u00f3n falsa.<br \/><br \/>\u2022 Publicaci\u00f3n de comentarios tendenciosos y\/o malintencionados.<br \/><br \/>\u2022 Difamaci\u00f3n.<br \/><br \/>\u2022 Injuria.<br \/><br \/>\u2022 Cualquier otro comportamiento cuyo objetivo sea perjudicar a los usuarios de la din\u00e1mica o deprimir las condiciones de equidad y convivencia que se pretenden mantener en el mismo.<\/li><\/ol><p>Los usuarios que incurran en cualquiera de las faltas se\u00f1aladas, podr\u00e1n ser descalificados de manera unilateral por la administraci\u00f3n de la actividad digital, sin obligaci\u00f3n de justificar su decisi\u00f3n.<\/p><p>Andr\u00e9s L\u00f3pez Odontolog\u00eda Integral S.A.S. se reserva el derecho para eliminar del concurso de manera unilateral y sin previo aviso, a cualquier usuario que incumpla con las condiciones establecidas en este documento, o que a su juicio pudieran vulnerar, de cualquier manera, la imagen de la marca patrocinadora o de los assets digitales asociados a los involucrados. Es requisito para participar en la din\u00e1mica, leer y aceptar estos T\u00e9rminos y Condiciones que estar\u00e1n dispuestos para su lectura en la p\u00e1gina web de la marca patrocinadora (www.ingenieriadesonrisas.com) y, en contraprestaci\u00f3n, sus afiliados entregar\u00e1n el premio exclusivamente a los ganadores, previa identificaci\u00f3n del cumplimiento de los T\u00e9rminos y Condiciones, y verificaci\u00f3n de su documento de identidad. Andr\u00e9s L\u00f3pez Odontolog\u00eda Integral S.A.S. no se hace responsable por la integridad f\u00edsica o en la propiedad del concursante en relaci\u00f3n con la realizaci\u00f3n del concurso o cualquier otro evento derivado del premio aqu\u00ed expresado y otorgado. Los concursantes reconocen y aceptan lo anterior y, por lo tanto, liberan a los involucrados de cualquier reclamaci\u00f3n judicial o extrajudicial que pudiera derivarse por tales hechos.<\/p><ol start=\"5\"><li>Todos los participantes deber\u00e1n tener disponibilidad absoluta en las fechas estipuladas para el concurso.<\/li><li>En el caso en el que por cualquier motivo no sea posible entregarle el premio al ganador\/a, el premio ser\u00e1 entregado a otro participante para lo cual el organizador realizar\u00e1 un nuevo sorteo y el\/la nuevo\/a ganador\/a deber\u00e1 cumplir con todas las estipulaciones incluidas en el presente documento. En el caso en el que al siguiente puesto no sea posible realizarle la entrega del premio, se continuar\u00e1 con un nuevo sorteo y as\u00ed sucesivamente, hasta realizar la efectiva entrega del premio, siempre teniendo como premisa fundamental que el premio es intransferible y no podr\u00e1 ser cambiado por dinero ni por otro tipo de bien o servicio bajo ninguna circunstancia.<\/li><li>El organizador no ser\u00e1 responsable por ning\u00fan motivo por los da\u00f1os y perjuicios de toda naturaleza o de lo que pueda llegar a suceder a el\/la ganador\/a, como consecuencia de su participaci\u00f3n en la actividad y ejecuci\u00f3n del premio.<\/li><li>El organizador no ser\u00e1 responsable de las interrupciones o fallos en Internet, en el momento en que se anuncien los ganadores, en las redes de comunicaciones electr\u00f3nicas, fallos de software o hardware. En caso de producirse problemas o incidencias de este tipo, el Organizador har\u00e1 todo lo que est\u00e9 a su alcance para corregirlas lo antes posible, pero no puede asumir ninguna responsabilidad al respecto.<\/li><li>Este premio no es acumulable con otras din\u00e1micas, actividades o eventos del organizador.<\/li><\/ol><p><strong>\u00a0<\/strong><\/p><p><strong>DATOS PERSONALES<\/strong><\/p><ul><li>El participante deber\u00e1 aceptar de manera expresa la recopilaci\u00f3n, almacenamiento y tratamiento de sus datos personales.<br \/><br \/>\u2022 El participante declara que la informaci\u00f3n suministrada por ella, incluyendo la relacionada con sus datos personales, es cierta, fidedigna y actualizada.<br \/><br \/>\u2022 Los datos personales y dem\u00e1s informaci\u00f3n suministrada por la participante ser\u00e1n objeto de tratamiento automatizado e incorporados a la base de datos administrada por Andr\u00e9s L\u00f3pez Odontolog\u00eda Integral S.A.S. como desarrollador de la campa\u00f1a o actividad para promoci\u00f3n.<br \/><br \/>\u2022 El participante otorga su consentimiento libre, expreso e informado para que la informaci\u00f3n personal que ha ingresado sea almacenada, recopilada o utilizada por Andr\u00e9s L\u00f3pez Odontolog\u00eda Integral S.A.S. directamente, o a trav\u00e9s de terceros, con fines de comunicaci\u00f3n, env\u00edo de informaci\u00f3n y\/o para mercadeo de sus productos.<br \/><br \/>\u2022 La informaci\u00f3n suministrada ser\u00e1 objeto de protecci\u00f3n mediante el uso de tecnolog\u00edas y procedimientos de seguridad evitando el acceso, revelaci\u00f3n y usos no autorizados.<br \/><br \/>\u2022 Si el usuario desea retirarse del concurso, solicitar alguna modificaci\u00f3n, correcci\u00f3n o supresi\u00f3n de todos los datos que nos ha proporcionado, dejar de recibir informaci\u00f3n comercial, as\u00ed como contactarse con nosotros por cualquier otra causa, puede enviar un correo electr\u00f3nico a info@ingenieriadesonrisas.com<\/li><li>El premio no es transferible, acumulable con otras promociones ni canjeable por dinero.<\/li><li>Ning\u00fan empleado y\/o colaborador de Ingenier\u00eda de Sonrisas, ni familiares hasta tercer grado de consanguinidad o de afinidad, ni conyugues o convivientes por uni\u00f3n de hecho, podr\u00e1n participar en este concurso.<\/li><li>Para el registro de la entrega del premio el ganador deber\u00e1 firmar un acta de entrega.<\/li><\/ul><p><strong>\u00a0<\/strong><\/p><p><strong>REGISTRO Y TRATAMIENTO DE DATOS PERSONALES:<\/strong><\/p><p>Al aceptar los presentes t\u00e9rminos y condiciones de conformidad con lo regulado en la Ley 1581 de 2012, la o \u00e9l ganador est\u00e1 dando a Andr\u00e9s L\u00f3pez Odontolog\u00eda Integral S.A.S. la autorizaci\u00f3n para tratar su informaci\u00f3n personal de acuerdo con la pol\u00edtica de tratamiento de datos personales disponible en www.ingenieriadesonrisas.com<\/p>\t\t\t\t\t\t\t\t<\/div>\n\t\t\t\t<\/div>\n\t\t\t\t\t<\/div>\n\t\t<\/div>\n\t\t\t\t\t<\/div>\n\t\t<\/section>\n\t\t\t\t<\/div>","protected":false},"excerpt":{"rendered":"<p>T\u00c9RMINOS Y CONDICIONES: CONCURSO \u201cYO SONR\u00cdO CON IS\u201d REVISI\u00d3N: Andr\u00e9s L\u00f3pez Odontolog\u00eda Integral S.A.S. CUMPLIMIENTO DE INCENTIVOS DIGITALES. IDENTIFICACI\u00d3N DE EL ORGANIZADOR El concurso \u201cYo Sonr\u00edo con IS\u201d Es una iniciativa de Andr\u00e9s L\u00f3pez Odontolog\u00eda Integral S.A.S. \u00a0con NIT 901.152.777-4 y domicilio en la carrera 43 # 5B &#8211; 32, Cali, Valle del Cauca. Tel\u00e9fonos: &#8230; <a title=\"T\u00e9rminos y condiciones: #YoSonr\u00edoConIS\" class=\"read-more\" href=\"https:\/\/ingenieriadesonrisas.com\/en\/terminos-y-condiciones-yosonrioconis\/\" aria-label=\"More on T\u00e9rminos y condiciones: #YoSonr\u00edoConIS\">Read more<\/a><\/p>","protected":false},"author":1,"featured_media":0,"parent":0,"menu_order":0,"comment_status":"closed","ping_status":"closed","template":"elementor_canvas","meta":{"_joinchat":[],"footnotes":""},"class_list":["post-518","page","type-page","status-publish"],"yoast_head":"<!-- This site is optimized with the Yoast SEO plugin v25.6 - https:\/\/yoast.com\/wordpress\/plugins\/seo\/ -->\n<title>T\u00e9rminos y condiciones: #YoSonr\u00edoConIS - Ingenier\u00eda de Sonrisas<\/title>\n<meta name=\"robots\" content=\"index, follow, max-snippet:-1, max-image-preview:large, max-video-preview:-1\" \/>\n<link rel=\"canonical\" href=\"https:\/\/ingenieriadesonrisas.com\/en\/terminos-y-condiciones-yosonrioconis\/\" \/>\n<meta property=\"og:locale\" content=\"en_US\" \/>\n<meta property=\"og:type\" content=\"article\" \/>\n<meta property=\"og:title\" content=\"T\u00e9rminos y condiciones: #YoSonr\u00edoConIS - Ingenier\u00eda de Sonrisas\" \/>\n<meta property=\"og:description\" content=\"T\u00c9RMINOS Y CONDICIONES: CONCURSO \u201cYO SONR\u00cdO CON IS\u201d REVISI\u00d3N: Andr\u00e9s L\u00f3pez Odontolog\u00eda Integral S.A.S. CUMPLIMIENTO DE INCENTIVOS DIGITALES. IDENTIFICACI\u00d3N DE EL ORGANIZADOR El concurso \u201cYo Sonr\u00edo con IS\u201d Es una iniciativa de Andr\u00e9s L\u00f3pez Odontolog\u00eda Integral S.A.S. \u00a0con NIT 901.152.777-4 y domicilio en la carrera 43 # 5B &#8211; 32, Cali, Valle del Cauca. Tel\u00e9fonos: ... Read more\" \/>\n<meta property=\"og:url\" content=\"https:\/\/ingenieriadesonrisas.com\/en\/terminos-y-condiciones-yosonrioconis\/\" \/>\n<meta property=\"og:site_name\" content=\"Ingenier\u00eda de Sonrisas\" \/>\n<meta property=\"article:publisher\" content=\"https:\/\/www.facebook.com\/ingenieriadesonrisas\" \/>\n<meta property=\"article:modified_time\" content=\"2021-02-05T21:48:04+00:00\" \/>\n<meta name=\"twitter:card\" content=\"summary_large_image\" \/>\n<meta name=\"twitter:label1\" content=\"Est. reading time\" \/>\n\t<meta name=\"twitter:data1\" content=\"7 minutes\" \/>\n<script type=\"application\/ld+json\" class=\"yoast-schema-graph\">{\"@context\":\"https:\/\/schema.org\",\"@graph\":[{\"@type\":\"WebPage\",\"@id\":\"https:\/\/ingenieriadesonrisas.com\/terminos-y-condiciones-yosonrioconis\/\",\"url\":\"https:\/\/ingenieriadesonrisas.com\/terminos-y-condiciones-yosonrioconis\/\",\"name\":\"T\u00e9rminos y condiciones: #YoSonr\u00edoConIS - Ingenier\u00eda de Sonrisas\",\"isPartOf\":{\"@id\":\"https:\/\/ingenieriadesonrisas.com\/#website\"},\"datePublished\":\"2021-02-05T15:27:55+00:00\",\"dateModified\":\"2021-02-05T21:48:04+00:00\",\"breadcrumb\":{\"@id\":\"https:\/\/ingenieriadesonrisas.com\/terminos-y-condiciones-yosonrioconis\/#breadcrumb\"},\"inLanguage\":\"en-US\",\"potentialAction\":[{\"@type\":\"ReadAction\",\"target\":[\"https:\/\/ingenieriadesonrisas.com\/terminos-y-condiciones-yosonrioconis\/\"]}]},{\"@type\":\"BreadcrumbList\",\"@id\":\"https:\/\/ingenieriadesonrisas.com\/terminos-y-condiciones-yosonrioconis\/#breadcrumb\",\"itemListElement\":[{\"@type\":\"ListItem\",\"position\":1,\"name\":\"Home\",\"item\":\"https:\/\/ingenieriadesonrisas.com\/\"},{\"@type\":\"ListItem\",\"position\":2,\"name\":\"T\u00e9rminos y condiciones: #YoSonr\u00edoConIS\"}]},{\"@type\":\"WebSite\",\"@id\":\"https:\/\/ingenieriadesonrisas.com\/#website\",\"url\":\"https:\/\/ingenieriadesonrisas.com\/\",\"name\":\"ingenieriadesonrisas\",\"description\":\"\",\"publisher\":{\"@id\":\"https:\/\/ingenieriadesonrisas.com\/#organization\"},\"potentialAction\":[{\"@type\":\"SearchAction\",\"target\":{\"@type\":\"EntryPoint\",\"urlTemplate\":\"https:\/\/ingenieriadesonrisas.com\/?s={search_term_string}\"},\"query-input\":{\"@type\":\"PropertyValueSpecification\",\"valueRequired\":true,\"valueName\":\"search_term_string\"}}],\"inLanguage\":\"en-US\"},{\"@type\":\"Organization\",\"@id\":\"https:\/\/ingenieriadesonrisas.com\/#organization\",\"name\":\"Ingenier\u00eda de Sonrisas\",\"url\":\"https:\/\/ingenieriadesonrisas.com\/\",\"logo\":{\"@type\":\"ImageObject\",\"inLanguage\":\"en-US\",\"@id\":\"https:\/\/ingenieriadesonrisas.com\/#\/schema\/logo\/image\/\",\"url\":\"https:\/\/ingenieriadesonrisas.com\/wp-content\/uploads\/2021\/08\/Logotipo.png\",\"contentUrl\":\"https:\/\/ingenieriadesonrisas.com\/wp-content\/uploads\/2021\/08\/Logotipo.png\",\"width\":215,\"height\":70,\"caption\":\"Ingenier\u00eda de Sonrisas\"},\"image\":{\"@id\":\"https:\/\/ingenieriadesonrisas.com\/#\/schema\/logo\/image\/\"},\"sameAs\":[\"https:\/\/www.facebook.com\/ingenieriadesonrisas\",\"https:\/\/www.instagram.com\/ingenieriadesonrisas\/\",\"https:\/\/www.youtube.com\/channel\/UCRcb7Zfa2m1C2iqKEvbjAcA\"]}]}<\/script>\n<!-- \/ Yoast SEO plugin. -->","yoast_head_json":{"title":"T\u00e9rminos y condiciones: #YoSonr\u00edoConIS - Ingenier\u00eda de Sonrisas","robots":{"index":"index","follow":"follow","max-snippet":"max-snippet:-1","max-image-preview":"max-image-preview:large","max-video-preview":"max-video-preview:-1"},"canonical":"https:\/\/ingenieriadesonrisas.com\/en\/terminos-y-condiciones-yosonrioconis\/","og_locale":"en_US","og_type":"article","og_title":"T\u00e9rminos y condiciones: #YoSonr\u00edoConIS - Ingenier\u00eda de Sonrisas","og_description":"T\u00c9RMINOS Y CONDICIONES: CONCURSO \u201cYO SONR\u00cdO CON IS\u201d REVISI\u00d3N: Andr\u00e9s L\u00f3pez Odontolog\u00eda Integral S.A.S. CUMPLIMIENTO DE INCENTIVOS DIGITALES. IDENTIFICACI\u00d3N DE EL ORGANIZADOR El concurso \u201cYo Sonr\u00edo con IS\u201d Es una iniciativa de Andr\u00e9s L\u00f3pez Odontolog\u00eda Integral S.A.S. \u00a0con NIT 901.152.777-4 y domicilio en la carrera 43 # 5B &#8211; 32, Cali, Valle del Cauca. Tel\u00e9fonos: ... Read more","og_url":"https:\/\/ingenieriadesonrisas.com\/en\/terminos-y-condiciones-yosonrioconis\/","og_site_name":"Ingenier\u00eda de Sonrisas","article_publisher":"https:\/\/www.facebook.com\/ingenieriadesonrisas","article_modified_time":"2021-02-05T21:48:04+00:00","twitter_card":"summary_large_image","twitter_misc":{"Est. reading time":"7 minutes"},"schema":{"@context":"https:\/\/schema.org","@graph":[{"@type":"WebPage","@id":"https:\/\/ingenieriadesonrisas.com\/terminos-y-condiciones-yosonrioconis\/","url":"https:\/\/ingenieriadesonrisas.com\/terminos-y-condiciones-yosonrioconis\/","name":"T\u00e9rminos y condiciones: #YoSonr\u00edoConIS - Ingenier\u00eda de Sonrisas","isPartOf":{"@id":"https:\/\/ingenieriadesonrisas.com\/#website"},"datePublished":"2021-02-05T15:27:55+00:00","dateModified":"2021-02-05T21:48:04+00:00","breadcrumb":{"@id":"https:\/\/ingenieriadesonrisas.com\/terminos-y-condiciones-yosonrioconis\/#breadcrumb"},"inLanguage":"en-US","potentialAction":[{"@type":"ReadAction","target":["https:\/\/ingenieriadesonrisas.com\/terminos-y-condiciones-yosonrioconis\/"]}]},{"@type":"BreadcrumbList","@id":"https:\/\/ingenieriadesonrisas.com\/terminos-y-condiciones-yosonrioconis\/#breadcrumb","itemListElement":[{"@type":"ListItem","position":1,"name":"Home","item":"https:\/\/ingenieriadesonrisas.com\/"},{"@type":"ListItem","position":2,"name":"T\u00e9rminos y condiciones: #YoSonr\u00edoConIS"}]},{"@type":"WebSite","@id":"https:\/\/ingenieriadesonrisas.com\/#website","url":"https:\/\/ingenieriadesonrisas.com\/","name":"ingenieriadesonrisas","description":"","publisher":{"@id":"https:\/\/ingenieriadesonrisas.com\/#organization"},"potentialAction":[{"@type":"SearchAction","target":{"@type":"EntryPoint","urlTemplate":"https:\/\/ingenieriadesonrisas.com\/?s={search_term_string}"},"query-input":{"@type":"PropertyValueSpecification","valueRequired":true,"valueName":"search_term_string"}}],"inLanguage":"en-US"},{"@type":"Organization","@id":"https:\/\/ingenieriadesonrisas.com\/#organization","name":"Ingenier\u00eda de Sonrisas","url":"https:\/\/ingenieriadesonrisas.com\/","logo":{"@type":"ImageObject","inLanguage":"en-US","@id":"https:\/\/ingenieriadesonrisas.com\/#\/schema\/logo\/image\/","url":"https:\/\/ingenieriadesonrisas.com\/wp-content\/uploads\/2021\/08\/Logotipo.png","contentUrl":"https:\/\/ingenieriadesonrisas.com\/wp-content\/uploads\/2021\/08\/Logotipo.png","width":215,"height":70,"caption":"Ingenier\u00eda de Sonrisas"},"image":{"@id":"https:\/\/ingenieriadesonrisas.com\/#\/schema\/logo\/image\/"},"sameAs":["https:\/\/www.facebook.com\/ingenieriadesonrisas","https:\/\/www.instagram.com\/ingenieriadesonrisas\/","https:\/\/www.youtube.com\/channel\/UCRcb7Zfa2m1C2iqKEvbjAcA"]}]}},"_links":{"self":[{"href":"https:\/\/ingenieriadesonrisas.com\/en\/wp-json\/wp\/v2\/pages\/518"}],"collection":[{"href":"https:\/\/ingenieriadesonrisas.com\/en\/wp-json\/wp\/v2\/pages"}],"about":[{"href":"https:\/\/ingenieriadesonrisas.com\/en\/wp-json\/wp\/v2\/types\/page"}],"author":[{"embeddable":true,"href":"https:\/\/ingenieriadesonrisas.com\/en\/wp-json\/wp\/v2\/users\/1"}],"replies":[{"embeddable":true,"href":"https:\/\/ingenieriadesonrisas.com\/en\/wp-json\/wp\/v2\/comments?post=518"}],"version-history":[{"count":5,"href":"https:\/\/ingenieriadesonrisas.com\/en\/wp-json\/wp\/v2\/pages\/518\/revisions"}],"predecessor-version":[{"id":523,"href":"https:\/\/ingenieriadesonrisas.com\/en\/wp-json\/wp\/v2\/pages\/518\/revisions\/523"}],"wp:attachment":[{"href":"https:\/\/ingenieriadesonrisas.com\/en\/wp-json\/wp\/v2\/media?parent=518"}],"curies":[{"name":"wp","href":"https:\/\/api.w.org\/{rel}","templated":true}]}}